{"id":1520,"date":"2021-01-21T10:47:08","date_gmt":"2021-01-21T10:47:08","guid":{"rendered":"https:\/\/www.medicalalbia.com\/?page_id=1520"},"modified":"2024-11-05T20:36:10","modified_gmt":"2024-11-05T20:36:10","slug":"politica-de-cookies","status":"publish","type":"page","link":"https:\/\/medicalalbia.com\/en\/politica-de-cookies\/","title":{"rendered":"Cookie Policy"},"content":{"rendered":"<div data-elementor-type=\"wp-page\" data-elementor-id=\"1520\" class=\"elementor elementor-1520\" data-elementor-post-type=\"page\">\n\t\t\t\t\t\t<section class=\"elementor-section elementor-top-section elementor-element elementor-element-3e3f0f6 elementor-reverse-mobile elementor-section-boxed elementor-section-height-default elementor-section-height-default\" data-id=\"3e3f0f6\" data-element_type=\"section\">\n\t\t\t\t\t\t<div class=\"elementor-container elementor-column-gap-default\">\n\t\t\t\t\t<div class=\"elementor-column elementor-col-100 elementor-top-column elementor-element elementor-element-1aa1cbe\" data-id=\"1aa1cbe\" data-element_type=\"column\">\n\t\t\t<div class=\"elementor-widget-wrap elementor-element-populated\">\n\t\t\t\t\t\t<div class=\"elementor-element elementor-element-5ead771 elementor-widget elementor-widget-text-editor\" data-id=\"5ead771\" data-element_type=\"widget\" data-widget_type=\"text-editor.default\">\n\t\t\t\t<div class=\"elementor-widget-container\">\n\t\t\t\t\t\t\t<p><strong><u>Primera capa<\/u><\/strong><\/p><p><strong>Este portal web \u00fanicamente utiliza cookies propias con finalidad t\u00e9cnica, no recaba ni cede datos de car\u00e1cter personal de los usuarios sin su conocimiento.<\/strong><\/p><p><strong>Sin embargo, contiene enlaces a sitios web de terceros con pol\u00edticas de privacidad ajenas a esta empresa que usted podr\u00e1 decidir si acepta o no cuando acceda a ellos.<\/strong><\/p><p><u>M\u00e1s informaci\u00f3n<\/u><\/p><p><strong><u>Segunda capa<\/u><\/strong><\/p><h1><strong>Pol\u00edtica de cookies<\/strong><\/h1><p>A trav\u00e9s de este sitio web no se recaban datos personales de los usuarios sin su conocimiento, ni se ceden a terceros.<\/p><p>Con la finalidad de ofrecerle el mejor servicio y con el objeto de facilitar el uso, se analizan el n\u00famero de p\u00e1ginas visitadas, el n\u00famero de visitas, as\u00ed como la actividad de los visitantes y su frecuencia de utilizaci\u00f3n. A estos efectos, HIMELMEDIC INTEGRAL S.L. utiliza la informaci\u00f3n estad\u00edstica elaborada por el Proveedor de Servicios de Internet.<\/p><p>HIMELMEDIC INTEGRAL S.L. no utiliza cookies para recoger informaci\u00f3n de los usuarios, ni registra las direcciones IP de acceso. \u00danicamente se utilizan cookies propias,\u00a0de sesi\u00f3n, con finalidad t\u00e9cnica (aquellas que permiten al usuario la navegaci\u00f3n a trav\u00e9s del sitio web y la utilizaci\u00f3n de las diferentes opciones y servicios que en ella existen).<\/p><p>El portal del que es titular HIMELMEDIC INTEGRAL S.L. contiene enlaces a sitios web de terceros, cuyas pol\u00edticas de privacidad son ajenas a esta empresa. Al acceder a tales sitios web, usted puede decidir si acepta sus pol\u00edticas de privacidad y de cookies. Con car\u00e1cter general, si navega por internet usted puede aceptar o rechazar las cookies de terceros desde las opciones de configuraci\u00f3n de su navegador.<\/p>\t\t\t\t\t\t<\/div>\n\t\t\t\t<\/div>\n\t\t\t\t\t<\/div>\n\t\t<\/div>\n\t\t\t\t\t<\/div>\n\t\t<\/section>\n\t\t\t\t<section class=\"elementor-section elementor-top-section elementor-element elementor-element-33939ca elementor-section-boxed elementor-section-height-default elementor-section-height-default\" data-id=\"33939ca\" data-element_type=\"section\" data-settings=\"{&quot;background_background&quot;:&quot;classic&quot;}\">\n\t\t\t\t\t\t<div class=\"elementor-container elementor-column-gap-no\">\n\t\t\t\t\t<div class=\"elementor-column elementor-col-100 elementor-top-column elementor-element elementor-element-c852d3f\" data-id=\"c852d3f\" data-element_type=\"column\">\n\t\t\t<div class=\"elementor-widget-wrap elementor-element-populated\">\n\t\t\t\t\t\t<section class=\"elementor-section elementor-inner-section elementor-element elementor-element-542c778 elementor-section-boxed elementor-section-height-default elementor-section-height-default\" data-id=\"542c778\" data-element_type=\"section\">\n\t\t\t\t\t\t<div class=\"elementor-container elementor-column-gap-default\">\n\t\t\t\t\t<div class=\"elementor-column elementor-col-25 elementor-inner-column elementor-element elementor-element-4f85b9a\" data-id=\"4f85b9a\" data-element_type=\"column\">\n\t\t\t<div class=\"elementor-widget-wrap elementor-element-populated\">\n\t\t\t\t\t\t<div class=\"elementor-element elementor-element-a7dc477 elementor-widget elementor-widget-image\" data-id=\"a7dc477\" data-element_type=\"widget\" data-widget_type=\"image.default\">\n\t\t\t\t<div class=\"elementor-widget-container\">\n\t\t\t\t\t\t\t\t\t\t\t\t\t<img decoding=\"async\" width=\"237\" height=\"70\" src=\"https:\/\/medicalalbia.com\/wp-content\/uploads\/2024\/10\/logo_2-1.png\" class=\"attachment-full size-full wp-image-2527\" alt=\"\" srcset=\"https:\/\/medicalalbia.com\/wp-content\/uploads\/2024\/10\/logo_2-1.png 237w, https:\/\/medicalalbia.com\/wp-content\/uploads\/2024\/10\/logo_2-1-18x5.png 18w\" sizes=\"(max-width: 237px) 100vw, 237px\" \/>\t\t\t\t\t\t\t\t\t\t\t\t\t<\/div>\n\t\t\t\t<\/div>\n\t\t\t\t<div class=\"elementor-element elementor-element-077d63d elementor-shape-circle elementor-grid-0 e-grid-align-center elementor-widget elementor-widget-social-icons\" data-id=\"077d63d\" data-element_type=\"widget\" data-widget_type=\"social-icons.default\">\n\t\t\t\t<div class=\"elementor-widget-container\">\n\t\t\t\t\t<div class=\"elementor-social-icons-wrapper elementor-grid\">\n\t\t\t\t\t\t\t<span class=\"elementor-grid-item\">\n\t\t\t\t\t<a class=\"elementor-icon elementor-social-icon elementor-social-icon-instagram elementor-repeater-item-5578866\" href=\"https:\/\/www.instagram.com\/medicalalbia\/\" target=\"_blank\">\n\t\t\t\t\t\t<span class=\"elementor-screen-only\">Instagram<\/span>\n\t\t\t\t\t\t<i class=\"fab fa-instagram\"><\/i>\t\t\t\t\t<\/a>\n\t\t\t\t<\/span>\n\t\t\t\t\t\t\t<span class=\"elementor-grid-item\">\n\t\t\t\t\t<a class=\"elementor-icon elementor-social-icon elementor-social-icon-youtube elementor-repeater-item-a90358f\" href=\"https:\/\/www.youtube.com\/channel\/UCgrG0DqUJypWR-6VNjyln2w\" target=\"_blank\">\n\t\t\t\t\t\t<span class=\"elementor-screen-only\">Youtube<\/span>\n\t\t\t\t\t\t<i class=\"fab fa-youtube\"><\/i>\t\t\t\t\t<\/a>\n\t\t\t\t<\/span>\n\t\t\t\t\t<\/div>\n\t\t\t\t<\/div>\n\t\t\t\t<\/div>\n\t\t\t\t\t<\/div>\n\t\t<\/div>\n\t\t\t\t<div class=\"elementor-column elementor-col-25 elementor-inner-column elementor-element elementor-element-d25c48e\" data-id=\"d25c48e\" data-element_type=\"column\">\n\t\t\t<div class=\"elementor-widget-wrap elementor-element-populated\">\n\t\t\t\t\t\t<div class=\"elementor-element elementor-element-ef1ffa7 elementor-widget elementor-widget-heading\" data-id=\"ef1ffa7\" data-element_type=\"widget\" data-widget_type=\"heading.default\">\n\t\t\t\t<div class=\"elementor-widget-container\">\n\t\t\t<h2 class=\"elementor-heading-title elementor-size-default\">Legal<\/h2>\t\t<\/div>\n\t\t\t\t<\/div>\n\t\t\t\t<div class=\"elementor-element elementor-element-11f3d65 elementor-icon-list--layout-traditional elementor-list-item-link-full_width elementor-widget elementor-widget-icon-list\" data-id=\"11f3d65\" data-element_type=\"widget\" data-widget_type=\"icon-list.default\">\n\t\t\t\t<div class=\"elementor-widget-container\">\n\t\t\t\t\t<ul class=\"elementor-icon-list-items\">\n\t\t\t\t\t\t\t<li class=\"elementor-icon-list-item\">\n\t\t\t\t\t\t\t\t\t\t\t<a href=\"\/en\/aviso-legal\/\">\n\n\t\t\t\t\t\t\t\t\t\t\t<span class=\"elementor-icon-list-text\">Legal Notice<\/span>\n\t\t\t\t\t\t\t\t\t\t\t<\/a>\n\t\t\t\t\t\t\t\t\t<\/li>\n\t\t\t\t\t\t\t\t<li class=\"elementor-icon-list-item\">\n\t\t\t\t\t\t\t\t\t\t\t<a href=\"\/en\/politica-de-privacidad\/\">\n\n\t\t\t\t\t\t\t\t\t\t\t<span class=\"elementor-icon-list-text\">Privacy Policy<\/span>\n\t\t\t\t\t\t\t\t\t\t\t<\/a>\n\t\t\t\t\t\t\t\t\t<\/li>\n\t\t\t\t\t\t\t\t<li class=\"elementor-icon-list-item\">\n\t\t\t\t\t\t\t\t\t\t\t<a href=\"\/en\/politica-de-cookies\/\">\n\n\t\t\t\t\t\t\t\t\t\t\t<span class=\"elementor-icon-list-text\">Cookie Policy<\/span>\n\t\t\t\t\t\t\t\t\t\t\t<\/a>\n\t\t\t\t\t\t\t\t\t<\/li>\n\t\t\t\t\t\t<\/ul>\n\t\t\t\t<\/div>\n\t\t\t\t<\/div>\n\t\t\t\t\t<\/div>\n\t\t<\/div>\n\t\t\t\t<div class=\"elementor-column elementor-col-25 elementor-inner-column elementor-element elementor-element-0142bff\" data-id=\"0142bff\" data-element_type=\"column\">\n\t\t\t<div class=\"elementor-widget-wrap elementor-element-populated\">\n\t\t\t\t\t\t<div class=\"elementor-element elementor-element-b2f41f4 elementor-widget elementor-widget-heading\" data-id=\"b2f41f4\" data-element_type=\"widget\" data-widget_type=\"heading.default\">\n\t\t\t\t<div class=\"elementor-widget-container\">\n\t\t\t<h2 class=\"elementor-heading-title elementor-size-default\">Menu<\/h2>\t\t<\/div>\n\t\t\t\t<\/div>\n\t\t\t\t<div class=\"elementor-element elementor-element-6e04fbb elementor-icon-list--layout-traditional elementor-list-item-link-full_width elementor-widget elementor-widget-icon-list\" data-id=\"6e04fbb\" data-element_type=\"widget\" data-widget_type=\"icon-list.default\">\n\t\t\t\t<div class=\"elementor-widget-container\">\n\t\t\t\t\t<ul class=\"elementor-icon-list-items\">\n\t\t\t\t\t\t\t<li class=\"elementor-icon-list-item\">\n\t\t\t\t\t\t\t\t\t\t\t<a href=\"\/en\/\">\n\n\t\t\t\t\t\t\t\t\t\t\t<span class=\"elementor-icon-list-text\">Home<\/span>\n\t\t\t\t\t\t\t\t\t\t\t<\/a>\n\t\t\t\t\t\t\t\t\t<\/li>\n\t\t\t\t\t\t\t\t<li class=\"elementor-icon-list-item\">\n\t\t\t\t\t\t\t\t\t\t\t<a href=\"https:\/\/medicalalbia.com\/en\/quienes-somos\/\">\n\n\t\t\t\t\t\t\t\t\t\t\t<span class=\"elementor-icon-list-text\">Who We Are<\/span>\n\t\t\t\t\t\t\t\t\t\t\t<\/a>\n\t\t\t\t\t\t\t\t\t<\/li>\n\t\t\t\t\t\t\t\t<li class=\"elementor-icon-list-item\">\n\t\t\t\t\t\t\t\t\t\t\t<a href=\"\/en\/contacto\/\">\n\n\t\t\t\t\t\t\t\t\t\t\t<span class=\"elementor-icon-list-text\">Contact<\/span>\n\t\t\t\t\t\t\t\t\t\t\t<\/a>\n\t\t\t\t\t\t\t\t\t<\/li>\n\t\t\t\t\t\t<\/ul>\n\t\t\t\t<\/div>\n\t\t\t\t<\/div>\n\t\t\t\t\t<\/div>\n\t\t<\/div>\n\t\t\t\t<div class=\"elementor-column elementor-col-25 elementor-inner-column elementor-element elementor-element-8a900ea\" data-id=\"8a900ea\" data-element_type=\"column\">\n\t\t\t<div class=\"elementor-widget-wrap elementor-element-populated\">\n\t\t\t\t\t\t<div class=\"elementor-element elementor-element-3a635fb elementor-widget elementor-widget-heading\" data-id=\"3a635fb\" data-element_type=\"widget\" data-widget_type=\"heading.default\">\n\t\t\t\t<div class=\"elementor-widget-container\">\n\t\t\t<h2 class=\"elementor-heading-title elementor-size-default\">Contact<\/h2>\t\t<\/div>\n\t\t\t\t<\/div>\n\t\t\t\t<div class=\"elementor-element elementor-element-474c67e elementor-icon-list--layout-traditional elementor-list-item-link-full_width elementor-widget elementor-widget-icon-list\" data-id=\"474c67e\" data-element_type=\"widget\" data-widget_type=\"icon-list.default\">\n\t\t\t\t<div class=\"elementor-widget-container\">\n\t\t\t\t\t<ul class=\"elementor-icon-list-items\">\n\t\t\t\t\t\t\t<li class=\"elementor-icon-list-item\">\n\t\t\t\t\t\t\t\t\t\t\t<a href=\"mailto:info@medicalalbia.com\">\n\n\t\t\t\t\t\t\t\t\t\t\t\t<span class=\"elementor-icon-list-icon\">\n\t\t\t\t\t\t\t<i aria-hidden=\"true\" class=\"fas fa-envelope\"><\/i>\t\t\t\t\t\t<\/span>\n\t\t\t\t\t\t\t\t\t\t<span class=\"elementor-icon-list-text\">info@medicalalbia.com<\/span>\n\t\t\t\t\t\t\t\t\t\t\t<\/a>\n\t\t\t\t\t\t\t\t\t<\/li>\n\t\t\t\t\t\t\t\t<li class=\"elementor-icon-list-item\">\n\t\t\t\t\t\t\t\t\t\t\t<a href=\"tel:+34944231737\">\n\n\t\t\t\t\t\t\t\t\t\t\t\t<span class=\"elementor-icon-list-icon\">\n\t\t\t\t\t\t\t<i aria-hidden=\"true\" class=\"fas fa-phone-volume\"><\/i>\t\t\t\t\t\t<\/span>\n\t\t\t\t\t\t\t\t\t\t<span class=\"elementor-icon-list-text\">+34 944 231 737<\/span>\n\t\t\t\t\t\t\t\t\t\t\t<\/a>\n\t\t\t\t\t\t\t\t\t<\/li>\n\t\t\t\t\t\t\t\t<li class=\"elementor-icon-list-item\">\n\t\t\t\t\t\t\t\t\t\t\t<a href=\"\">\n\n\t\t\t\t\t\t\t\t\t\t\t\t<span class=\"elementor-icon-list-icon\">\n\t\t\t\t\t\t\t<i aria-hidden=\"true\" class=\"fab fa-whatsapp\"><\/i>\t\t\t\t\t\t<\/span>\n\t\t\t\t\t\t\t\t\t\t<span class=\"elementor-icon-list-text\">+34 693 506 748<\/span>\n\t\t\t\t\t\t\t\t\t\t\t<\/a>\n\t\t\t\t\t\t\t\t\t<\/li>\n\t\t\t\t\t\t<\/ul>\n\t\t\t\t<\/div>\n\t\t\t\t<\/div>\n\t\t\t\t\t<\/div>\n\t\t<\/div>\n\t\t\t\t\t<\/div>\n\t\t<\/section>\n\t\t\t\t<section class=\"elementor-section elementor-inner-section elementor-element elementor-element-d46b095 elementor-section-content-middle elementor-section-boxed elementor-section-height-default elementor-section-height-default\" data-id=\"d46b095\" data-element_type=\"section\" data-settings=\"{&quot;background_background&quot;:&quot;classic&quot;}\">\n\t\t\t\t\t\t<div class=\"elementor-container elementor-column-gap-no\">\n\t\t\t\t\t<div class=\"elementor-column elementor-col-100 elementor-inner-column elementor-element elementor-element-63c361e\" data-id=\"63c361e\" data-element_type=\"column\">\n\t\t\t<div class=\"elementor-widget-wrap elementor-element-populated\">\n\t\t\t\t\t\t<div class=\"elementor-element elementor-element-5d21c9d elementor-widget elementor-widget-text-editor\" data-id=\"5d21c9d\" data-element_type=\"widget\" data-widget_type=\"text-editor.default\">\n\t\t\t\t<div class=\"elementor-widget-container\">\n\t\t\t\t\t\t\t<p style=\"text-align: center;\"><span class=\"avisoscolor\"><span class=\"word\" data-word=\"Made\"><span class=\"char\" data-char=\"M\">M<\/span><span class=\"char\" data-char=\"a\">a<\/span><span class=\"char\" data-char=\"d\">d<\/span><span class=\"char\" data-char=\"e\">e<\/span><\/span><span class=\"whitespace\">&nbsp;<\/span><span class=\"word\" data-word=\"with\"><span class=\"char\" data-char=\"w\">w<\/span><span class=\"char\" data-char=\"i\">i<\/span><span class=\"char\" data-char=\"t\">t<\/span><span class=\"char\" data-char=\"h\">h<\/span><\/span><span class=\"whitespace\">&nbsp;<\/span><span class=\"word\" data-word=\"\u2665\"><span class=\"char\" data-char=\"\u2665\">\u2665<\/span><\/span><span class=\"whitespace\">&nbsp;Grupo AsturSala&nbsp;<\/span><span class=\"whitespace\">&nbsp;<\/span><span class=\"word\" data-word=\"\u00a9\"><span class=\"char\" data-char=\"\u00a9\">\u00a9<\/span><\/span><span class=\"whitespace\">&nbsp;<\/span><span class=\"word\" data-word=\"2020\"><span class=\"char\" data-char=\"2\">2<\/span><span class=\"char\" data-char=\"0\">0<\/span><span class=\"char\" data-char=\"2\">24<\/span><\/span><span class=\"whitespace\">&nbsp;<\/span><span class=\"word\" data-word=\"-\"><span class=\"char\" data-char=\"-\">&#8211;<\/span><\/span><span class=\"whitespace\">&nbsp;<\/span><span class=\"word\" data-word=\"Todos\"><span class=\"char\" data-char=\"T\">T<\/span><span class=\"char\" data-char=\"o\">o<\/span><span class=\"char\" data-char=\"d\">d<\/span><span class=\"char\" data-char=\"o\">o<\/span><span class=\"char\" data-char=\"s\">s<\/span><\/span><span class=\"whitespace\">&nbsp;<\/span><span class=\"word\" data-word=\"los\"><span class=\"char\" data-char=\"l\">l<\/span><span class=\"char\" data-char=\"o\">o<\/span><span class=\"char\" data-char=\"s\">s<\/span><\/span><span class=\"whitespace\">&nbsp;<\/span><span class=\"word\" data-word=\"derechos\"><span class=\"char\" data-char=\"d\">d<\/span><span class=\"char\" data-char=\"e\">e<\/span><span class=\"char\" data-char=\"r\">r<\/span><span class=\"char\" data-char=\"e\">e<\/span><span class=\"char\" data-char=\"c\">c<\/span><span class=\"char\" data-char=\"h\">h<\/span><span class=\"char\" data-char=\"o\">o<\/span><span class=\"char\" data-char=\"s\">s<\/span><\/span><span class=\"whitespace\">&nbsp;<\/span><span class=\"word\" data-word=\"reservados.\"><span class=\"char\" data-char=\"r\">r<\/span><span class=\"char\" data-char=\"e\">e<\/span><span class=\"char\" data-char=\"s\">s<\/span><span class=\"char\" data-char=\"e\">e<\/span><span class=\"char\" data-char=\"r\">r<\/span><span class=\"char\" data-char=\"v\">v<\/span><span class=\"char\" data-char=\"a\">a<\/span><span class=\"char\" data-char=\"d\">d<\/span><span class=\"char\" data-char=\"o\">o<\/span><span class=\"char\" data-char=\"s\">s<\/span><span class=\"char\" data-char=\".\">.<\/span><\/span><\/span><\/p>\t\t\t\t\t\t<\/div>\n\t\t\t\t<\/div>\n\t\t\t\t\t<\/div>\n\t\t<\/div>\n\t\t\t\t\t<\/div>\n\t\t<\/section>\n\t\t\t\t\t<\/div>\n\t\t<\/div>\n\t\t\t\t\t<\/div>\n\t\t<\/section>\n\t\t\t\t<\/div>","protected":false},"excerpt":{"rendered":"<p>Primera capa Este portal web \u00fanicamente utiliza cookies propias con finalidad t\u00e9cnica, no recaba ni cede datos de car\u00e1cter personal de los usuarios sin su conocimiento. Sin embargo, contiene enlaces a sitios web de terceros con pol\u00edticas de privacidad ajenas a esta empresa que usted podr\u00e1 decidir si acepta o no cuando acceda a ellos. [&hellip;]<\/p>\n","protected":false},"author":1,"featured_media":0,"parent":0,"menu_order":0,"comment_status":"closed","ping_status":"open","template":"","meta":{"footnotes":""},"class_list":["post-1520","page","type-page","status-publish","hentry"],"yoast_head":"<!-- This site is optimized with the Yoast SEO plugin v27.2 - https:\/\/yoast.com\/product\/yoast-seo-wordpress\/ -->\n<title>Pol\u00edtica de Cookies &#8211; Medical Albia<\/title>\n<meta name=\"robots\" content=\"index, follow, max-snippet:-1, max-image-preview:large, max-video-preview:-1\" \/>\n<link rel=\"canonical\" href=\"https:\/\/medicalalbia.com\/en\/politica-de-cookies\/\" \/>\n<meta property=\"og:locale\" content=\"en_GB\" \/>\n<meta property=\"og:type\" content=\"article\" \/>\n<meta property=\"og:title\" content=\"Pol\u00edtica de Cookies &#8211; Medical Albia\" \/>\n<meta property=\"og:description\" content=\"Primera capa Este portal web \u00fanicamente utiliza cookies propias con finalidad t\u00e9cnica, no recaba ni cede datos de car\u00e1cter personal de los usuarios sin su conocimiento. Sin embargo, contiene enlaces a sitios web de terceros con pol\u00edticas de privacidad ajenas a esta empresa que usted podr\u00e1 decidir si acepta o no cuando acceda a ellos. [&hellip;]\" \/>\n<meta property=\"og:url\" content=\"https:\/\/medicalalbia.com\/en\/politica-de-cookies\/\" \/>\n<meta property=\"og:site_name\" content=\"Medical Albia\" \/>\n<meta property=\"article:publisher\" content=\"https:\/\/www.facebook.com\/%c3%81lvarez-Men%c3%a9ndez-Abogados-335529327712421\" \/>\n<meta property=\"article:modified_time\" content=\"2024-11-05T20:36:10+00:00\" \/>\n<meta property=\"og:image\" content=\"https:\/\/medicalalbia.com\/wp-content\/uploads\/2024\/10\/logo_2-1.png\" \/>\n\t<meta property=\"og:image:width\" content=\"237\" \/>\n\t<meta property=\"og:image:height\" content=\"70\" \/>\n\t<meta property=\"og:image:type\" content=\"image\/png\" \/>\n<meta name=\"twitter:card\" content=\"summary_large_image\" \/>\n<meta name=\"twitter:label1\" content=\"Estimated reading time\" \/>\n\t<meta name=\"twitter:data1\" content=\"2 minutes\" \/>\n<script type=\"application\/ld+json\" class=\"yoast-schema-graph\">{\"@context\":\"https:\/\/schema.org\",\"@graph\":[{\"@type\":\"WebPage\",\"@id\":\"https:\/\/medicalalbia.com\/politica-de-cookies\/\",\"url\":\"https:\/\/medicalalbia.com\/politica-de-cookies\/\",\"name\":\"Pol\u00edtica de Cookies &#8211; Medical Albia\",\"isPartOf\":{\"@id\":\"https:\/\/medicalalbia.com\/#website\"},\"primaryImageOfPage\":{\"@id\":\"https:\/\/medicalalbia.com\/politica-de-cookies\/#primaryimage\"},\"image\":{\"@id\":\"https:\/\/medicalalbia.com\/politica-de-cookies\/#primaryimage\"},\"thumbnailUrl\":\"https:\/\/medicalalbia.com\/wp-content\/uploads\/2024\/10\/logo_2-1.png\",\"datePublished\":\"2021-01-21T10:47:08+00:00\",\"dateModified\":\"2024-11-05T20:36:10+00:00\",\"breadcrumb\":{\"@id\":\"https:\/\/medicalalbia.com\/politica-de-cookies\/#breadcrumb\"},\"inLanguage\":\"en-GB\",\"potentialAction\":[{\"@type\":\"ReadAction\",\"target\":[\"https:\/\/medicalalbia.com\/politica-de-cookies\/\"]}]},{\"@type\":\"ImageObject\",\"inLanguage\":\"en-GB\",\"@id\":\"https:\/\/medicalalbia.com\/politica-de-cookies\/#primaryimage\",\"url\":\"https:\/\/medicalalbia.com\/wp-content\/uploads\/2024\/10\/logo_2-1.png\",\"contentUrl\":\"https:\/\/medicalalbia.com\/wp-content\/uploads\/2024\/10\/logo_2-1.png\"},{\"@type\":\"BreadcrumbList\",\"@id\":\"https:\/\/medicalalbia.com\/politica-de-cookies\/#breadcrumb\",\"itemListElement\":[{\"@type\":\"ListItem\",\"position\":1,\"name\":\"Portada\",\"item\":\"https:\/\/medicalalbia.com\/\"},{\"@type\":\"ListItem\",\"position\":2,\"name\":\"Pol\u00edtica de Cookies\"}]},{\"@type\":\"WebSite\",\"@id\":\"https:\/\/medicalalbia.com\/#website\",\"url\":\"https:\/\/medicalalbia.com\/\",\"name\":\"\u00c1lvarez Men\u00e9ndez Abogados\",\"description\":\"\",\"publisher\":{\"@id\":\"https:\/\/medicalalbia.com\/#organization\"},\"potentialAction\":[{\"@type\":\"SearchAction\",\"target\":{\"@type\":\"EntryPoint\",\"urlTemplate\":\"https:\/\/medicalalbia.com\/?s={search_term_string}\"},\"query-input\":{\"@type\":\"PropertyValueSpecification\",\"valueRequired\":true,\"valueName\":\"search_term_string\"}}],\"inLanguage\":\"en-GB\"},{\"@type\":\"Organization\",\"@id\":\"https:\/\/medicalalbia.com\/#organization\",\"name\":\"Alvarez Menendez Abogados\",\"url\":\"https:\/\/medicalalbia.com\/\",\"logo\":{\"@type\":\"ImageObject\",\"inLanguage\":\"en-GB\",\"@id\":\"https:\/\/medicalalbia.com\/#\/schema\/logo\/image\/\",\"url\":\"https:\/\/medicalalbia.com\/wp-content\/uploads\/2021\/01\/Monochrome-on-Transparent.png\",\"contentUrl\":\"https:\/\/medicalalbia.com\/wp-content\/uploads\/2021\/01\/Monochrome-on-Transparent.png\",\"width\":5000,\"height\":1925,\"caption\":\"Alvarez Menendez Abogados\"},\"image\":{\"@id\":\"https:\/\/medicalalbia.com\/#\/schema\/logo\/image\/\"},\"sameAs\":[\"https:\/\/www.facebook.com\/\u00c1lvarez-Men\u00e9ndez-Abogados-335529327712421\",\"https:\/\/www.instagram.com\/alvarezmenendezabogados\/\"]}]}<\/script>\n<!-- \/ Yoast SEO plugin. -->","yoast_head_json":{"title":"Pol\u00edtica de Cookies &#8211; Medical Albia","robots":{"index":"index","follow":"follow","max-snippet":"max-snippet:-1","max-image-preview":"max-image-preview:large","max-video-preview":"max-video-preview:-1"},"canonical":"https:\/\/medicalalbia.com\/en\/politica-de-cookies\/","og_locale":"en_GB","og_type":"article","og_title":"Pol\u00edtica de Cookies &#8211; Medical Albia","og_description":"Primera capa Este portal web \u00fanicamente utiliza cookies propias con finalidad t\u00e9cnica, no recaba ni cede datos de car\u00e1cter personal de los usuarios sin su conocimiento. Sin embargo, contiene enlaces a sitios web de terceros con pol\u00edticas de privacidad ajenas a esta empresa que usted podr\u00e1 decidir si acepta o no cuando acceda a ellos. [&hellip;]","og_url":"https:\/\/medicalalbia.com\/en\/politica-de-cookies\/","og_site_name":"Medical Albia","article_publisher":"https:\/\/www.facebook.com\/%c3%81lvarez-Men%c3%a9ndez-Abogados-335529327712421","article_modified_time":"2024-11-05T20:36:10+00:00","og_image":[{"width":237,"height":70,"url":"https:\/\/medicalalbia.com\/wp-content\/uploads\/2024\/10\/logo_2-1.png","type":"image\/png"}],"twitter_card":"summary_large_image","twitter_misc":{"Estimated reading time":"2 minutes"},"schema":{"@context":"https:\/\/schema.org","@graph":[{"@type":"WebPage","@id":"https:\/\/medicalalbia.com\/politica-de-cookies\/","url":"https:\/\/medicalalbia.com\/politica-de-cookies\/","name":"Pol\u00edtica de Cookies &#8211; Medical Albia","isPartOf":{"@id":"https:\/\/medicalalbia.com\/#website"},"primaryImageOfPage":{"@id":"https:\/\/medicalalbia.com\/politica-de-cookies\/#primaryimage"},"image":{"@id":"https:\/\/medicalalbia.com\/politica-de-cookies\/#primaryimage"},"thumbnailUrl":"https:\/\/medicalalbia.com\/wp-content\/uploads\/2024\/10\/logo_2-1.png","datePublished":"2021-01-21T10:47:08+00:00","dateModified":"2024-11-05T20:36:10+00:00","breadcrumb":{"@id":"https:\/\/medicalalbia.com\/politica-de-cookies\/#breadcrumb"},"inLanguage":"en-GB","potentialAction":[{"@type":"ReadAction","target":["https:\/\/medicalalbia.com\/politica-de-cookies\/"]}]},{"@type":"ImageObject","inLanguage":"en-GB","@id":"https:\/\/medicalalbia.com\/politica-de-cookies\/#primaryimage","url":"https:\/\/medicalalbia.com\/wp-content\/uploads\/2024\/10\/logo_2-1.png","contentUrl":"https:\/\/medicalalbia.com\/wp-content\/uploads\/2024\/10\/logo_2-1.png"},{"@type":"BreadcrumbList","@id":"https:\/\/medicalalbia.com\/politica-de-cookies\/#breadcrumb","itemListElement":[{"@type":"ListItem","position":1,"name":"Portada","item":"https:\/\/medicalalbia.com\/"},{"@type":"ListItem","position":2,"name":"Pol\u00edtica de Cookies"}]},{"@type":"WebSite","@id":"https:\/\/medicalalbia.com\/#website","url":"https:\/\/medicalalbia.com\/","name":"\u00c1lvarez Men\u00e9ndez Abogados","description":"","publisher":{"@id":"https:\/\/medicalalbia.com\/#organization"},"potentialAction":[{"@type":"SearchAction","target":{"@type":"EntryPoint","urlTemplate":"https:\/\/medicalalbia.com\/?s={search_term_string}"},"query-input":{"@type":"PropertyValueSpecification","valueRequired":true,"valueName":"search_term_string"}}],"inLanguage":"en-GB"},{"@type":"Organization","@id":"https:\/\/medicalalbia.com\/#organization","name":"Alvarez Menendez Abogados","url":"https:\/\/medicalalbia.com\/","logo":{"@type":"ImageObject","inLanguage":"en-GB","@id":"https:\/\/medicalalbia.com\/#\/schema\/logo\/image\/","url":"https:\/\/medicalalbia.com\/wp-content\/uploads\/2021\/01\/Monochrome-on-Transparent.png","contentUrl":"https:\/\/medicalalbia.com\/wp-content\/uploads\/2021\/01\/Monochrome-on-Transparent.png","width":5000,"height":1925,"caption":"Alvarez Menendez Abogados"},"image":{"@id":"https:\/\/medicalalbia.com\/#\/schema\/logo\/image\/"},"sameAs":["https:\/\/www.facebook.com\/\u00c1lvarez-Men\u00e9ndez-Abogados-335529327712421","https:\/\/www.instagram.com\/alvarezmenendezabogados\/"]}]}},"_links":{"self":[{"href":"https:\/\/medicalalbia.com\/en\/wp-json\/wp\/v2\/pages\/1520","targetHints":{"allow":["GET"]}}],"collection":[{"href":"https:\/\/medicalalbia.com\/en\/wp-json\/wp\/v2\/pages"}],"about":[{"href":"https:\/\/medicalalbia.com\/en\/wp-json\/wp\/v2\/types\/page"}],"author":[{"embeddable":true,"href":"https:\/\/medicalalbia.com\/en\/wp-json\/wp\/v2\/users\/1"}],"replies":[{"embeddable":true,"href":"https:\/\/medicalalbia.com\/en\/wp-json\/wp\/v2\/comments?post=1520"}],"version-history":[{"count":22,"href":"https:\/\/medicalalbia.com\/en\/wp-json\/wp\/v2\/pages\/1520\/revisions"}],"predecessor-version":[{"id":3243,"href":"https:\/\/medicalalbia.com\/en\/wp-json\/wp\/v2\/pages\/1520\/revisions\/3243"}],"wp:attachment":[{"href":"https:\/\/medicalalbia.com\/en\/wp-json\/wp\/v2\/media?parent=1520"}],"curies":[{"name":"wp","href":"https:\/\/api.w.org\/{rel}","templated":true}]}}